{"id":520,"date":"2023-05-12T11:35:45","date_gmt":"2023-05-12T09:35:45","guid":{"rendered":"https:\/\/www.holaparkingmalaga.com\/?page_id=520"},"modified":"2023-05-16T14:20:33","modified_gmt":"2023-05-16T12:20:33","slug":"itv-inspection","status":"publish","type":"page","link":"https:\/\/www.holaparkingmalaga.com\/en\/itv-inspection\/","title":{"rendered":"ITV inspection"},"content":{"rendered":"\t\t<div data-elementor-type=\"wp-page\" data-elementor-id=\"520\" class=\"elementor elementor-520 elementor-299\" data-elementor-post-type=\"page\">\n\t\t\t\t\t\t<section class=\"elementor-section elementor-top-section elementor-element elementor-element-6c252e3 elementor-section-height-min-height elementor-section-boxed elementor-section-height-default elementor-section-items-middle\" data-id=\"6c252e3\" data-element_type=\"section\" data-e-type=\"section\" data-settings=\"{&quot;background_background&quot;:&quot;classic&quot;,&quot;shape_divider_bottom&quot;:&quot;waves&quot;,&quot;jet_parallax_layout_list&quot;:[]}\">\n\t\t\t\t\t\t\t<div class=\"elementor-background-overlay\"><\/div>\n\t\t\t\t\t\t<div class=\"elementor-shape elementor-shape-bottom\" aria-hidden=\"true\" data-negative=\"false\">\n\t\t\t<svg xmlns=\"http:\/\/www.w3.org\/2000\/svg\" viewBox=\"0 0 1000 100\" preserveAspectRatio=\"none\">\n\t<path class=\"elementor-shape-fill\" d=\"M421.9,6.5c22.6-2.5,51.5,0.4,75.5,5.3c23.6,4.9,70.9,23.5,100.5,35.7c75.8,32.2,133.7,44.5,192.6,49.7\n\tc23.6,2.1,48.7,3.5,103.4-2.5c54.7-6,106.2-25.6,106.2-25.6V0H0v30.3c0,0,72,32.6,158.4,30.5c39.2-0.7,92.8-6.7,134-22.4\n\tc21.2-8.1,52.2-18.2,79.7-24.2C399.3,7.9,411.6,7.5,421.9,6.5z\"\/>\n<\/svg>\t\t<\/div>\n\t\t\t\t\t<div class=\"elementor-container elementor-column-gap-default\">\n\t\t\t\t\t<div class=\"elementor-column elementor-col-50 elementor-top-column elementor-element elementor-element-f0f9b61\" data-id=\"f0f9b61\" data-element_type=\"column\" data-e-type=\"column\">\n\t\t\t<div class=\"elementor-widget-wrap elementor-element-populated\">\n\t\t\t\t\t\t<div class=\"elementor-element elementor-element-7bfe85c elementor-widget elementor-widget-heading\" data-id=\"7bfe85c\" data-element_type=\"widget\" data-e-type=\"widget\" data-widget_type=\"heading.default\">\n\t\t\t\t<div class=\"elementor-widget-container\">\n\t\t\t\t\t<h1 class=\"elementor-heading-title elementor-size-default\">ITV inspection<\/h1>\t\t\t\t<\/div>\n\t\t\t\t<\/div>\n\t\t\t\t\t<\/div>\n\t\t<\/div>\n\t\t\t\t<div class=\"elementor-column elementor-col-50 elementor-top-column elementor-element elementor-element-b53ce27\" data-id=\"b53ce27\" data-element_type=\"column\" data-e-type=\"column\">\n\t\t\t<div class=\"elementor-widget-wrap\">\n\t\t\t\t\t\t\t<\/div>\n\t\t<\/div>\n\t\t\t\t\t<\/div>\n\t\t<\/section>\n\t\t\t\t<section class=\"elementor-section elementor-top-section elementor-element elementor-element-de3575e elementor-reverse-tablet elementor-section-boxed elementor-section-height-default elementor-section-height-default\" data-id=\"de3575e\" data-element_type=\"section\" data-e-type=\"section\" data-settings=\"{&quot;jet_parallax_layout_list&quot;:[]}\">\n\t\t\t\t\t\t<div class=\"elementor-container elementor-column-gap-default\">\n\t\t\t\t\t<div class=\"elementor-column elementor-col-50 elementor-top-column elementor-element elementor-element-b9765ff elementor-hidden-tablet elementor-hidden-mobile\" data-id=\"b9765ff\" data-element_type=\"column\" data-e-type=\"column\">\n\t\t\t<div class=\"elementor-widget-wrap elementor-element-populated\">\n\t\t\t\t\t\t<div class=\"elementor-element elementor-element-b48cffa elementor-widget elementor-widget-image\" data-id=\"b48cffa\" data-element_type=\"widget\" data-e-type=\"widget\" data-widget_type=\"image.default\">\n\t\t\t\t<div class=\"elementor-widget-container\">\n\t\t\t\t\t\t\t\t\t\t\t\t\t\t\t<img fetchpriority=\"high\" decoding=\"async\" width=\"800\" height=\"450\" src=\"https:\/\/www.holaparkingmalaga.com\/wp-content\/uploads\/2023\/05\/malaga-spain-motion-cars-on-freeway-in-summer-su-2021-08-29-16-24-11-utc-1024x576.jpg\" class=\"attachment-large size-large wp-image-302\" alt=\"\" srcset=\"https:\/\/www.holaparkingmalaga.com\/wp-content\/uploads\/2023\/05\/malaga-spain-motion-cars-on-freeway-in-summer-su-2021-08-29-16-24-11-utc-1024x576.jpg 1024w, https:\/\/www.holaparkingmalaga.com\/wp-content\/uploads\/2023\/05\/malaga-spain-motion-cars-on-freeway-in-summer-su-2021-08-29-16-24-11-utc-300x169.jpg 300w, https:\/\/www.holaparkingmalaga.com\/wp-content\/uploads\/2023\/05\/malaga-spain-motion-cars-on-freeway-in-summer-su-2021-08-29-16-24-11-utc-768x432.jpg 768w, https:\/\/www.holaparkingmalaga.com\/wp-content\/uploads\/2023\/05\/malaga-spain-motion-cars-on-freeway-in-summer-su-2021-08-29-16-24-11-utc-1536x864.jpg 1536w, https:\/\/www.holaparkingmalaga.com\/wp-content\/uploads\/2023\/05\/malaga-spain-motion-cars-on-freeway-in-summer-su-2021-08-29-16-24-11-utc-2048x1152.jpg 2048w\" sizes=\"(max-width: 800px) 100vw, 800px\" \/>\t\t\t\t\t\t\t\t\t\t\t\t\t\t\t<\/div>\n\t\t\t\t<\/div>\n\t\t\t\t\t<\/div>\n\t\t<\/div>\n\t\t\t\t<div class=\"elementor-column elementor-col-50 elementor-top-column elementor-element elementor-element-4a75d08\" data-id=\"4a75d08\" data-element_type=\"column\" data-e-type=\"column\">\n\t\t\t<div class=\"elementor-widget-wrap elementor-element-populated\">\n\t\t\t\t\t\t<div class=\"elementor-element elementor-element-1c50abc elementor-icon-list--layout-traditional elementor-list-item-link-full_width elementor-widget elementor-widget-icon-list\" data-id=\"1c50abc\" data-element_type=\"widget\" data-e-type=\"widget\" data-widget_type=\"icon-list.default\">\n\t\t\t\t<div class=\"elementor-widget-container\">\n\t\t\t\t\t\t\t<ul class=\"elementor-icon-list-items\">\n\t\t\t\t\t\t\t<li class=\"elementor-icon-list-item\">\n\t\t\t\t\t\t\t\t\t\t\t<span class=\"elementor-icon-list-icon\">\n\t\t\t\t\t\t\t<i aria-hidden=\"true\" class=\"fas fa-angle-double-right\"><\/i>\t\t\t\t\t\t<\/span>\n\t\t\t\t\t\t\t\t\t\t<span class=\"elementor-icon-list-text\">ITV inspection<\/span>\n\t\t\t\t\t\t\t\t\t<\/li>\n\t\t\t\t\t\t<\/ul>\n\t\t\t\t\t\t<\/div>\n\t\t\t\t<\/div>\n\t\t\t\t<div class=\"elementor-element elementor-element-fdb9df5 elementor-widget elementor-widget-heading\" data-id=\"fdb9df5\" data-element_type=\"widget\" data-e-type=\"widget\" data-widget_type=\"heading.default\">\n\t\t\t\t<div class=\"elementor-widget-container\">\n\t\t\t\t\t<h1 class=\"elementor-heading-title elementor-size-default\">Ensure that your car is safe and legally roadworthy<\/h1>\t\t\t\t<\/div>\n\t\t\t\t<\/div>\n\t\t\t\t<div class=\"elementor-element elementor-element-4d185d5 elementor-widget elementor-widget-text-editor\" data-id=\"4d185d5\" data-element_type=\"widget\" data-e-type=\"widget\" data-widget_type=\"text-editor.default\">\n\t\t\t\t<div class=\"elementor-widget-container\">\n\t\t\t\t\t\t\t\t\t<p>The ITV inspection, also known as Inspecci\u00f3n T\u00e9cnica de Veh\u00edculos, is a mandatory periodic inspection for all vehicles in Spain to ensure their safety and legality on the road. During this inspection, the car is examined for various safety and environmental aspects, such as brakes, lighting, tires, and emissions. The ITV inspection aims to guarantee road safety and reduce environmental damage by ensuring that vehicles meet certain standards. It is important to have the ITV inspection carried out on time to avoid high fines and to ensure that your car remains safe and legal. In this introduction, we will cover the key aspects of the ITV inspection and explain why it is important for anyone who owns or drives a car in Spain.<\/p>\t\t\t\t\t\t\t\t<\/div>\n\t\t\t\t<\/div>\n\t\t\t\t<div class=\"elementor-element elementor-element-e9c214b elementor-align-left elementor-widget__width-initial elementor-widget elementor-widget-button\" data-id=\"e9c214b\" data-element_type=\"widget\" data-e-type=\"widget\" data-widget_type=\"button.default\">\n\t\t\t\t<div class=\"elementor-widget-container\">\n\t\t\t\t\t\t\t\t\t<div class=\"elementor-button-wrapper\">\n\t\t\t\t\t<a class=\"elementor-button elementor-button-link elementor-size-sm\" href=\"\/en\/contact\">\n\t\t\t\t\t\t<span class=\"elementor-button-content-wrapper\">\n\t\t\t\t\t\t\t\t\t<span class=\"elementor-button-text\">Contact us<\/span>\n\t\t\t\t\t<\/span>\n\t\t\t\t\t<\/a>\n\t\t\t\t<\/div>\n\t\t\t\t\t\t\t\t<\/div>\n\t\t\t\t<\/div>\n\t\t\t\t\t<\/div>\n\t\t<\/div>\n\t\t\t\t\t<\/div>\n\t\t<\/section>\n\t\t\t\t<\/div>\n\t\t","protected":false},"excerpt":{"rendered":"<p>ITV inspection ITV inspection Ensure that your car is safe and legally roadworthy The ITV inspection, also known as Inspecci\u00f3n T\u00e9cnica de Veh\u00edculos, is a mandatory periodic inspection for all vehicles in Spain to ensure their safety and legality on the road. During this inspection, the car is examined for various safety and environmental aspects, [&hellip;]<\/p>\n","protected":false},"author":1,"featured_media":0,"parent":0,"menu_order":0,"comment_status":"closed","ping_status":"closed","template":"elementor_header_footer","meta":{"_acf_changed":false,"footnotes":""},"class_list":["post-520","page","type-page","status-publish","hentry"],"acf":[],"yoast_head":"<!-- This site is optimized with the Yoast SEO plugin v26.9 - https:\/\/yoast.com\/product\/yoast-seo-wordpress\/ -->\n<title>ITV inspection - Hola Parking Malaga<\/title>\n<meta name=\"robots\" content=\"index, follow, max-snippet:-1, max-image-preview:large, max-video-preview:-1\" \/>\n<link rel=\"canonical\" href=\"https:\/\/www.holaparkingmalaga.com\/en\/itv-inspection\/\" \/>\n<meta property=\"og:locale\" content=\"en_US\" \/>\n<meta property=\"og:type\" content=\"article\" \/>\n<meta property=\"og:title\" content=\"ITV inspection - Hola Parking Malaga\" \/>\n<meta property=\"og:description\" content=\"ITV inspection ITV inspection Ensure that your car is safe and legally roadworthy The ITV inspection, also known as Inspecci\u00f3n T\u00e9cnica de Veh\u00edculos, is a mandatory periodic inspection for all vehicles in Spain to ensure their safety and legality on the road. During this inspection, the car is examined for various safety and environmental aspects, [&hellip;]\" \/>\n<meta property=\"og:url\" content=\"https:\/\/www.holaparkingmalaga.com\/en\/itv-inspection\/\" \/>\n<meta property=\"og:site_name\" content=\"Hola Parking Malaga\" \/>\n<meta property=\"article:modified_time\" content=\"2023-05-16T12:20:33+00:00\" \/>\n<meta property=\"og:image\" content=\"https:\/\/www.holaparkingmalaga.com\/wp-content\/uploads\/2023\/05\/malaga-spain-motion-cars-on-freeway-in-summer-su-2021-08-29-16-24-11-utc-1024x576.jpg\" \/>\n<meta name=\"twitter:card\" content=\"summary_large_image\" \/>\n<meta name=\"twitter:label1\" content=\"Est. reading time\" \/>\n\t<meta name=\"twitter:data1\" content=\"1 minute\" \/>\n<script type=\"application\/ld+json\" class=\"yoast-schema-graph\">{\"@context\":\"https:\/\/schema.org\",\"@graph\":[{\"@type\":\"WebPage\",\"@id\":\"https:\/\/www.holaparkingmalaga.com\/en\/itv-inspection\/\",\"url\":\"https:\/\/www.holaparkingmalaga.com\/en\/itv-inspection\/\",\"name\":\"ITV inspection - Hola Parking Malaga\",\"isPartOf\":{\"@id\":\"https:\/\/www.holaparkingmalaga.com\/#website\"},\"primaryImageOfPage\":{\"@id\":\"https:\/\/www.holaparkingmalaga.com\/en\/itv-inspection\/#primaryimage\"},\"image\":{\"@id\":\"https:\/\/www.holaparkingmalaga.com\/en\/itv-inspection\/#primaryimage\"},\"thumbnailUrl\":\"https:\/\/www.holaparkingmalaga.com\/wp-content\/uploads\/2023\/05\/malaga-spain-motion-cars-on-freeway-in-summer-su-2021-08-29-16-24-11-utc-1024x576.jpg\",\"datePublished\":\"2023-05-12T09:35:45+00:00\",\"dateModified\":\"2023-05-16T12:20:33+00:00\",\"breadcrumb\":{\"@id\":\"https:\/\/www.holaparkingmalaga.com\/en\/itv-inspection\/#breadcrumb\"},\"inLanguage\":\"en-US\",\"potentialAction\":[{\"@type\":\"ReadAction\",\"target\":[\"https:\/\/www.holaparkingmalaga.com\/en\/itv-inspection\/\"]}]},{\"@type\":\"ImageObject\",\"inLanguage\":\"en-US\",\"@id\":\"https:\/\/www.holaparkingmalaga.com\/en\/itv-inspection\/#primaryimage\",\"url\":\"https:\/\/www.holaparkingmalaga.com\/wp-content\/uploads\/2023\/05\/malaga-spain-motion-cars-on-freeway-in-summer-su-2021-08-29-16-24-11-utc-1024x576.jpg\",\"contentUrl\":\"https:\/\/www.holaparkingmalaga.com\/wp-content\/uploads\/2023\/05\/malaga-spain-motion-cars-on-freeway-in-summer-su-2021-08-29-16-24-11-utc-1024x576.jpg\"},{\"@type\":\"BreadcrumbList\",\"@id\":\"https:\/\/www.holaparkingmalaga.com\/en\/itv-inspection\/#breadcrumb\",\"itemListElement\":[{\"@type\":\"ListItem\",\"position\":1,\"name\":\"Home\",\"item\":\"https:\/\/www.holaparkingmalaga.com\/\"},{\"@type\":\"ListItem\",\"position\":2,\"name\":\"ITV inspection\"}]},{\"@type\":\"WebSite\",\"@id\":\"https:\/\/www.holaparkingmalaga.com\/#website\",\"url\":\"https:\/\/www.holaparkingmalaga.com\/\",\"name\":\"Hola Parking Malaga\",\"description\":\"\",\"publisher\":{\"@id\":\"https:\/\/www.holaparkingmalaga.com\/#organization\"},\"potentialAction\":[{\"@type\":\"SearchAction\",\"target\":{\"@type\":\"EntryPoint\",\"urlTemplate\":\"https:\/\/www.holaparkingmalaga.com\/?s={search_term_string}\"},\"query-input\":{\"@type\":\"PropertyValueSpecification\",\"valueRequired\":true,\"valueName\":\"search_term_string\"}}],\"inLanguage\":\"en-US\"},{\"@type\":\"Organization\",\"@id\":\"https:\/\/www.holaparkingmalaga.com\/#organization\",\"name\":\"Hola Parking Malaga\",\"url\":\"https:\/\/www.holaparkingmalaga.com\/\",\"logo\":{\"@type\":\"ImageObject\",\"inLanguage\":\"en-US\",\"@id\":\"https:\/\/www.holaparkingmalaga.com\/#\/schema\/logo\/image\/\",\"url\":\"https:\/\/www.holaparkingmalaga.com\/wp-content\/uploads\/2023\/05\/hola-logo.png\",\"contentUrl\":\"https:\/\/www.holaparkingmalaga.com\/wp-content\/uploads\/2023\/05\/hola-logo.png\",\"width\":663,\"height\":200,\"caption\":\"Hola Parking Malaga\"},\"image\":{\"@id\":\"https:\/\/www.holaparkingmalaga.com\/#\/schema\/logo\/image\/\"}}]}<\/script>\n<!-- \/ Yoast SEO plugin. -->","yoast_head_json":{"title":"ITV inspection - Hola Parking Malaga","robots":{"index":"index","follow":"follow","max-snippet":"max-snippet:-1","max-image-preview":"max-image-preview:large","max-video-preview":"max-video-preview:-1"},"canonical":"https:\/\/www.holaparkingmalaga.com\/en\/itv-inspection\/","og_locale":"en_US","og_type":"article","og_title":"ITV inspection - Hola Parking Malaga","og_description":"ITV inspection ITV inspection Ensure that your car is safe and legally roadworthy The ITV inspection, also known as Inspecci\u00f3n T\u00e9cnica de Veh\u00edculos, is a mandatory periodic inspection for all vehicles in Spain to ensure their safety and legality on the road. During this inspection, the car is examined for various safety and environmental aspects, [&hellip;]","og_url":"https:\/\/www.holaparkingmalaga.com\/en\/itv-inspection\/","og_site_name":"Hola Parking Malaga","article_modified_time":"2023-05-16T12:20:33+00:00","og_image":[{"url":"https:\/\/www.holaparkingmalaga.com\/wp-content\/uploads\/2023\/05\/malaga-spain-motion-cars-on-freeway-in-summer-su-2021-08-29-16-24-11-utc-1024x576.jpg","type":"","width":"","height":""}],"twitter_card":"summary_large_image","twitter_misc":{"Est. reading time":"1 minute"},"schema":{"@context":"https:\/\/schema.org","@graph":[{"@type":"WebPage","@id":"https:\/\/www.holaparkingmalaga.com\/en\/itv-inspection\/","url":"https:\/\/www.holaparkingmalaga.com\/en\/itv-inspection\/","name":"ITV inspection - Hola Parking Malaga","isPartOf":{"@id":"https:\/\/www.holaparkingmalaga.com\/#website"},"primaryImageOfPage":{"@id":"https:\/\/www.holaparkingmalaga.com\/en\/itv-inspection\/#primaryimage"},"image":{"@id":"https:\/\/www.holaparkingmalaga.com\/en\/itv-inspection\/#primaryimage"},"thumbnailUrl":"https:\/\/www.holaparkingmalaga.com\/wp-content\/uploads\/2023\/05\/malaga-spain-motion-cars-on-freeway-in-summer-su-2021-08-29-16-24-11-utc-1024x576.jpg","datePublished":"2023-05-12T09:35:45+00:00","dateModified":"2023-05-16T12:20:33+00:00","breadcrumb":{"@id":"https:\/\/www.holaparkingmalaga.com\/en\/itv-inspection\/#breadcrumb"},"inLanguage":"en-US","potentialAction":[{"@type":"ReadAction","target":["https:\/\/www.holaparkingmalaga.com\/en\/itv-inspection\/"]}]},{"@type":"ImageObject","inLanguage":"en-US","@id":"https:\/\/www.holaparkingmalaga.com\/en\/itv-inspection\/#primaryimage","url":"https:\/\/www.holaparkingmalaga.com\/wp-content\/uploads\/2023\/05\/malaga-spain-motion-cars-on-freeway-in-summer-su-2021-08-29-16-24-11-utc-1024x576.jpg","contentUrl":"https:\/\/www.holaparkingmalaga.com\/wp-content\/uploads\/2023\/05\/malaga-spain-motion-cars-on-freeway-in-summer-su-2021-08-29-16-24-11-utc-1024x576.jpg"},{"@type":"BreadcrumbList","@id":"https:\/\/www.holaparkingmalaga.com\/en\/itv-inspection\/#breadcrumb","itemListElement":[{"@type":"ListItem","position":1,"name":"Home","item":"https:\/\/www.holaparkingmalaga.com\/"},{"@type":"ListItem","position":2,"name":"ITV inspection"}]},{"@type":"WebSite","@id":"https:\/\/www.holaparkingmalaga.com\/#website","url":"https:\/\/www.holaparkingmalaga.com\/","name":"Hola Parking Malaga","description":"","publisher":{"@id":"https:\/\/www.holaparkingmalaga.com\/#organization"},"potentialAction":[{"@type":"SearchAction","target":{"@type":"EntryPoint","urlTemplate":"https:\/\/www.holaparkingmalaga.com\/?s={search_term_string}"},"query-input":{"@type":"PropertyValueSpecification","valueRequired":true,"valueName":"search_term_string"}}],"inLanguage":"en-US"},{"@type":"Organization","@id":"https:\/\/www.holaparkingmalaga.com\/#organization","name":"Hola Parking Malaga","url":"https:\/\/www.holaparkingmalaga.com\/","logo":{"@type":"ImageObject","inLanguage":"en-US","@id":"https:\/\/www.holaparkingmalaga.com\/#\/schema\/logo\/image\/","url":"https:\/\/www.holaparkingmalaga.com\/wp-content\/uploads\/2023\/05\/hola-logo.png","contentUrl":"https:\/\/www.holaparkingmalaga.com\/wp-content\/uploads\/2023\/05\/hola-logo.png","width":663,"height":200,"caption":"Hola Parking Malaga"},"image":{"@id":"https:\/\/www.holaparkingmalaga.com\/#\/schema\/logo\/image\/"}}]}},"_links":{"self":[{"href":"https:\/\/www.holaparkingmalaga.com\/en\/wp-json\/wp\/v2\/pages\/520","targetHints":{"allow":["GET"]}}],"collection":[{"href":"https:\/\/www.holaparkingmalaga.com\/en\/wp-json\/wp\/v2\/pages"}],"about":[{"href":"https:\/\/www.holaparkingmalaga.com\/en\/wp-json\/wp\/v2\/types\/page"}],"author":[{"embeddable":true,"href":"https:\/\/www.holaparkingmalaga.com\/en\/wp-json\/wp\/v2\/users\/1"}],"replies":[{"embeddable":true,"href":"https:\/\/www.holaparkingmalaga.com\/en\/wp-json\/wp\/v2\/comments?post=520"}],"version-history":[{"count":13,"href":"https:\/\/www.holaparkingmalaga.com\/en\/wp-json\/wp\/v2\/pages\/520\/revisions"}],"predecessor-version":[{"id":546,"href":"https:\/\/www.holaparkingmalaga.com\/en\/wp-json\/wp\/v2\/pages\/520\/revisions\/546"}],"wp:attachment":[{"href":"https:\/\/www.holaparkingmalaga.com\/en\/wp-json\/wp\/v2\/media?parent=520"}],"curies":[{"name":"wp","href":"https:\/\/api.w.org\/{rel}","templated":true}]}}